{"id":159,"date":"2011-09-14T18:37:57","date_gmt":"2011-09-14T18:37:57","guid":{"rendered":"http:\/\/www.juniovitor.com\/?page_id=159"},"modified":"2019-09-27T22:12:00","modified_gmt":"2019-09-28T01:12:00","slug":"contato","status":"publish","type":"page","link":"https:\/\/www.juniovitor.com\/?page_id=159","title":{"rendered":"Contato"},"content":{"rendered":"<p>Quer deixar um recado, uma d\u00favida sobre TI, falar de cachorro, aqu\u00e1rio, m\u00fasica ou simplesmente me convidar para um churrasco?<br \/>\n&#8212;<br \/>\nSegue meu Contato:<br \/>\n<strong>Email<\/strong>: <a href=\"mailto:juniovitor@juniovitor.com\">juniovitor@juniovitor.com<\/a><\/p>\n","protected":false},"excerpt":{"rendered":"<p>Quer deixar um recado, uma d\u00favida sobre TI, falar de cachorro, aqu\u00e1rio, m\u00fasica ou simplesmente me convidar para um churrasco? &#8212; Segue [&hellip;]<\/p>\n","protected":false},"author":1,"featured_media":0,"parent":0,"menu_order":5,"comment_status":"closed","ping_status":"closed","template":"","meta":{"footnotes":""},"class_list":["post-159","page","type-page","status-publish","hentry"],"_links":{"self":[{"href":"https:\/\/www.juniovitor.com\/index.php?rest_route=\/wp\/v2\/pages\/159"}],"collection":[{"href":"https:\/\/www.juniovitor.com\/index.php?rest_route=\/wp\/v2\/pages"}],"about":[{"href":"https:\/\/www.juniovitor.com\/index.php?rest_route=\/wp\/v2\/types\/page"}],"author":[{"embeddable":true,"href":"https:\/\/www.juniovitor.com\/index.php?rest_route=\/wp\/v2\/users\/1"}],"replies":[{"embeddable":true,"href":"https:\/\/www.juniovitor.com\/index.php?rest_route=%2Fwp%2Fv2%2Fcomments&post=159"}],"version-history":[{"count":24,"href":"https:\/\/www.juniovitor.com\/index.php?rest_route=\/wp\/v2\/pages\/159\/revisions"}],"predecessor-version":[{"id":2139,"href":"https:\/\/www.juniovitor.com\/index.php?rest_route=\/wp\/v2\/pages\/159\/revisions\/2139"}],"wp:attachment":[{"href":"https:\/\/www.juniovitor.com\/index.php?rest_route=%2Fwp%2Fv2%2Fmedia&parent=159"}],"curies":[{"name":"wp","href":"https:\/\/api.w.org\/{rel}","templated":true}]}}