{"id":2191,"date":"2019-11-28T13:03:10","date_gmt":"2019-11-28T16:03:10","guid":{"rendered":"http:\/\/www.juniovitor.com\/?page_id=2191"},"modified":"2020-01-08T17:49:26","modified_gmt":"2020-01-08T20:49:26","slug":"palestras","status":"publish","type":"page","link":"https:\/\/www.juniovitor.com\/?page_id=2191","title":{"rendered":"Palestras"},"content":{"rendered":"\n<p>Nada \u00e9 f\u00e1cil neste mundo, mas atrav\u00e9s de um trabalho digno, dedica\u00e7\u00e3o e carregando sempre contigo a sua verdade, o acerto \u00e9 inevit\u00e1vel. Acredite e fa\u00e7a acontecer!<\/p>\n\n\n\n<p>Em minha palestra direcionada aos estudantes de tecnologia (TI em geral) que est\u00e3o prestes a se formar, deixo um recado considerando minha trajet\u00f3ria desde os meus 12 anos at\u00e9 os dias hoje, apresentando os principais desafios e o que o mercado TI espera. Se quiser saber mais (fotos e materiais das palestras apresentadas), entre em contato.<\/p>\n\n\n\n<p>Grande abra\u00e7o,<br>Junio Vitor<\/p>\n","protected":false},"excerpt":{"rendered":"<p>Nada \u00e9 f\u00e1cil neste mundo, mas atrav\u00e9s de um trabalho digno, dedica\u00e7\u00e3o e carregando sempre contigo a sua verdade, o acerto \u00e9 [&hellip;]<\/p>\n","protected":false},"author":1,"featured_media":0,"parent":0,"menu_order":0,"comment_status":"closed","ping_status":"closed","template":"","meta":{"footnotes":""},"class_list":["post-2191","page","type-page","status-publish","hentry"],"_links":{"self":[{"href":"https:\/\/www.juniovitor.com\/index.php?rest_route=\/wp\/v2\/pages\/2191"}],"collection":[{"href":"https:\/\/www.juniovitor.com\/index.php?rest_route=\/wp\/v2\/pages"}],"about":[{"href":"https:\/\/www.juniovitor.com\/index.php?rest_route=\/wp\/v2\/types\/page"}],"author":[{"embeddable":true,"href":"https:\/\/www.juniovitor.com\/index.php?rest_route=\/wp\/v2\/users\/1"}],"replies":[{"embeddable":true,"href":"https:\/\/www.juniovitor.com\/index.php?rest_route=%2Fwp%2Fv2%2Fcomments&post=2191"}],"version-history":[{"count":8,"href":"https:\/\/www.juniovitor.com\/index.php?rest_route=\/wp\/v2\/pages\/2191\/revisions"}],"predecessor-version":[{"id":2209,"href":"https:\/\/www.juniovitor.com\/index.php?rest_route=\/wp\/v2\/pages\/2191\/revisions\/2209"}],"wp:attachment":[{"href":"https:\/\/www.juniovitor.com\/index.php?rest_route=%2Fwp%2Fv2%2Fmedia&parent=2191"}],"curies":[{"name":"wp","href":"https:\/\/api.w.org\/{rel}","templated":true}]}}