{"id":275,"date":"2011-09-21T15:19:30","date_gmt":"2011-09-21T15:19:30","guid":{"rendered":"http:\/\/www.juniovitor.com\/?page_id=275"},"modified":"2020-07-27T10:04:02","modified_gmt":"2020-07-27T13:04:02","slug":"kanguru","status":"publish","type":"page","link":"https:\/\/www.juniovitor.com\/?page_id=275","title":{"rendered":"Kanguru"},"content":{"rendered":"<div align=\"justify\">A <strong>Kanguru Tech<\/strong> surgiu atrav\u00e9s de uma necessidade de um novo nome, um novo conceito!<\/p>\n<div align=\"center\">\n<p><a href=\"http:\/\/kangurusistemas.com.br\" target=\"_blank\" rel=\"noopener noreferrer\"> <img loading=\"lazy\" decoding=\"async\" class=\"aligncenter wp-image-141 size-full\" title=\"kangurusistemas\" src=\"http:\/\/www.juniovitor.com\/wp-content\/uploads\/2011\/09\/kangurusistemas-e1595854395900.png\" alt=\"\" width=\"300\" height=\"108\" srcset=\"https:\/\/www.juniovitor.com\/wp-content\/uploads\/2011\/09\/kangurusistemas-e1595854395900.png 300w, https:\/\/www.juniovitor.com\/wp-content\/uploads\/2011\/09\/kangurusistemas-e1595854395900-230x83.png 230w\" sizes=\"(max-width: 300px) 100vw, 300px\" \/><br \/>\nwww.KanguruSistemas.com.br<\/a><\/p>\n<\/div>\n<p><strong>Atuando desde 2003 no mercado digital<\/strong>, desenvolvendo solu\u00e7\u00f5es completas para pequenas e grandes empresas, buscando conceitos inovadores que levem at\u00e9 voc\u00ea ou sua empresa, solu\u00e7\u00f5es inteligentes e eficientes.<\/p>\n<p>Procuramos oferecer toda a capacidade t\u00e9cnica e criatividade atrav\u00e9s do atendimento e da entrega da solu\u00e7\u00e3o como um todo. Trabalhamos com o intuito de suprir as necessidades de nossos clientes para que eles possam atingir um diferencial para destacar-se no mercado.<\/p>\n<p>Desta forma, A <strong>Kanguru Tech<\/strong> oferece diversos servi\u00e7os voltados \u00e0 informa\u00e7\u00e3o digital, dentre eles:<\/p>\n<p><strong>Trilha WEB<\/strong><br \/>\n&#8211; Cria\u00e7\u00e3o de Sites;<br \/>\n&#8211; Hospedagem e Registros;<br \/>\n&#8211; Cria\u00e7\u00e3o de LOGOS;<br \/>\n&#8211; Vendas ONLINE;<br \/>\n&#8211; Google Tools.<\/p>\n<p><strong>Trilha MKT DIGITAL<\/strong><br \/>\n&#8211; Orienta\u00e7\u00e3o Redes Sociais;<br \/>\n&#8211; Gera\u00e7\u00e3o de Conte\u00fado;<br \/>\n&#8211; V\u00eddeos Corporativos.<\/p>\n<p><strong>Trilha SISTEMAS<\/strong><br \/>\n&#8211; Sistemas para o seu Agroneg\u00f3cio;<br \/>\n&#8211; Ferramentas de Suporte;<br \/>\n&#8211; Ferramentas para Gerenciamento de Projetos;<br \/>\n&#8211; Enquetes\/Pesquisas;<br \/>\n&#8211; Blogs e F\u00f3runs.<\/p>\n<p><strong>Miss\u00e3o:<\/strong><br \/>\nDesenvolver, valorizar e refor\u00e7ar marcas e todos os elementos visuais vinculados \u00e0 elas para que nossos clientes obtenham um aumento qualitativo e quantitativo na competitividade no mercado no qual est\u00e3o inseridos.<\/p>\n<p>N\u00e3o deixe que sua empresa fique para tr\u00e1s, entre em contato conosco!<\/p>\n<p>Grande Abra\u00e7o<br \/>\nJ\u00fanio Vitor<\/p>\n<\/div>\n","protected":false},"excerpt":{"rendered":"<p>A Kanguru Tech surgiu atrav\u00e9s de uma necessidade de um novo nome, um novo conceito! www.KanguruSistemas.com.br Atuando desde 2003 no mercado digital, [&hellip;]<\/p>\n","protected":false},"author":1,"featured_media":0,"parent":0,"menu_order":0,"comment_status":"closed","ping_status":"closed","template":"","meta":{"footnotes":""},"class_list":["post-275","page","type-page","status-publish","hentry"],"_links":{"self":[{"href":"https:\/\/www.juniovitor.com\/index.php?rest_route=\/wp\/v2\/pages\/275"}],"collection":[{"href":"https:\/\/www.juniovitor.com\/index.php?rest_route=\/wp\/v2\/pages"}],"about":[{"href":"https:\/\/www.juniovitor.com\/index.php?rest_route=\/wp\/v2\/types\/page"}],"author":[{"embeddable":true,"href":"https:\/\/www.juniovitor.com\/index.php?rest_route=\/wp\/v2\/users\/1"}],"replies":[{"embeddable":true,"href":"https:\/\/www.juniovitor.com\/index.php?rest_route=%2Fwp%2Fv2%2Fcomments&post=275"}],"version-history":[{"count":11,"href":"https:\/\/www.juniovitor.com\/index.php?rest_route=\/wp\/v2\/pages\/275\/revisions"}],"predecessor-version":[{"id":2278,"href":"https:\/\/www.juniovitor.com\/index.php?rest_route=\/wp\/v2\/pages\/275\/revisions\/2278"}],"wp:attachment":[{"href":"https:\/\/www.juniovitor.com\/index.php?rest_route=%2Fwp%2Fv2%2Fmedia&parent=275"}],"curies":[{"name":"wp","href":"https:\/\/api.w.org\/{rel}","templated":true}]}}