{"id":63,"date":"2011-08-26T21:58:02","date_gmt":"2011-08-26T21:58:02","guid":{"rendered":"http:\/\/www.juniovitor.com\/?page_id=63"},"modified":"2020-06-19T11:40:52","modified_gmt":"2020-06-19T14:40:52","slug":"sobre","status":"publish","type":"page","link":"https:\/\/www.juniovitor.com\/?page_id=63","title":{"rendered":"Sobre"},"content":{"rendered":"<div align=\"justify\"><strong>Junio Vitor de Paula<\/strong><br \/>\n<strong>Oracle Architect\/Developer Associate<\/strong>\u00a0na <a href=\"http:\/\/www.tri-cs.com\/\" target=\"_blank\" rel=\"noopener noreferrer\">TRI CS;<\/a><br \/>\nAnalista de Sistemas formado pelo IFMG &#8211; Instituto Federal de Minas Gerais;<br \/>\nT\u00e9cnico em Eletrot\u00e9cnica e Automa\u00e7\u00e3o pelo CEPROSUL (CEFET &#8211; MG);<br \/>\n<strong>ITIL\u00ae<\/strong> Foundation Certificate in IT Service Management (ITILF);<br \/>\n&#8211;<\/p>\n<p>Consultor Oracle desde 2008. Carreira profissional desenvolvida no mercado de consultoria, atuando diretamente no desenho e na implementa\u00e7\u00e3o de processos utilizando: Oracle Frameworks ADF e OAF, BI Publisher\/XML Publisher, SOA, BPEL, ODI, APEX, Workflow, Discoverer, como tamb\u00e9m linguagens: PL\/SQL e JAVA. Atua diretamente no estudo e implementa\u00e7\u00e3o dos conceitos Oracle Fusion Middleware, como tamb\u00e9m nas principais ferramentas ligadas \u00e0 tecnologia.<\/p>\n<p>Consultor com experi\u00eancia consolidada e participativa em ciclos completos de projetos Oracle em empresas nacionais e multinacionais, atuando diretamente no levantamento de requisitos, integra\u00e7\u00f5es fiscais, migra\u00e7\u00f5es de dados, customiza\u00e7\u00f5es, rollouts e upgrade Oracle Ebs. Possui conhecimento na implanta\u00e7\u00e3o de processos de software e padr\u00f5es de projetos, como tamb\u00e9m a elabora\u00e7\u00e3o de materiais did\u00e1ticos e execu\u00e7\u00e3o de treinamentos.<\/p>\n<p>Em paralelo, membro do \u201cGPSisCom \u2013 Grupo de Pesquisas em Sistemas Computacionais do IFMG\u201d.<\/p>\n<p>** Tentando ser m\u00fasico desde 1997 (Baterista, Violonista, Guitarrista, Baixista, Cavaquinista e Violeiro Caipira).<\/p>\n<p>CV&#8217;s Completos em:<br \/>\nlinkedin: <a href=\"http:\/\/www.linkedin.com\/in\/juniovitor\" target=\"_blank\" rel=\"noopener noreferrer\">http:\/\/www.linkedin.com\/in\/juniovitor<\/a><br \/>\nLattes CNPQ: <a href=\"http:\/\/lattes.cnpq.br\/4697552890828762\" target=\"_blank\" rel=\"noopener noreferrer\">http:\/\/lattes.cnpq.br\/4697552890828762<\/a><\/p>\n<p><strong>Treinamentos \/ Certifica\u00e7\u00f5es<\/strong><br \/>\n\u2022 Oracle Cloud Support Specialist;<br \/>\n\u2022 Oracle Fusion Procurement Essentials;<br \/>\n\u2022 Oracle Database Support;<br \/>\n\u2022 Oracle Business Analytics Support;<br \/>\n\u2022 ITIL Foundation Certificate in IT Service Management (ITILF);<br \/>\n\u2022 COBIT 5;<br \/>\n\u2022 SOA Suite 11g;<br \/>\n\u2022 SOA Suite 11g;<br \/>\n\u2022 Oracle OBIEE;<br \/>\n\u2022 Oracle B2B.<br \/>\n\u2022 Oracle Endeca.<br \/>\n\u2022 Oracle RI (Recebimento Integrado).<br \/>\n\u2022 Oracle PAC (Periodic Average Cost).<br \/>\n\u2022 GL Wand \/ Report Wand.<br \/>\n\u2022 Oracle Fusion Middleware 11g Forum.<br \/>\n\u2022 Oracle EBS R12.1 Supply Chain Management.<br \/>\n\u2022 XML Publisher.<br \/>\n\u2022 SOA (Service-Oriented Architecture).<br \/>\n\u2022 Tortoise Subversion.<br \/>\n\u2022 Oracle PL\/SQL.<br \/>\n\u2022 OAF &#8211; Oracle Applications Framework.<br \/>\n\u2022 Design Patterns.<br \/>\n\u2022 Development .NET.<br \/>\n\u2022 XNA Game Studio Express.<br \/>\n\u2022 .NET &#8211; Microsoft Visual Studio.<br \/>\n\u2022 Desenho e Montagem de Placas de Circuito Impresso.<\/p>\n<\/div>\n","protected":false},"excerpt":{"rendered":"<p>Junio Vitor de Paula Oracle Architect\/Developer Associate\u00a0na TRI CS; Analista de Sistemas formado pelo IFMG &#8211; Instituto Federal de Minas Gerais; T\u00e9cnico [&hellip;]<\/p>\n","protected":false},"author":1,"featured_media":0,"parent":0,"menu_order":0,"comment_status":"closed","ping_status":"closed","template":"page-templates\/page_fullwidth.php","meta":{"footnotes":""},"class_list":["post-63","page","type-page","status-publish","hentry"],"_links":{"self":[{"href":"https:\/\/www.juniovitor.com\/index.php?rest_route=\/wp\/v2\/pages\/63"}],"collection":[{"href":"https:\/\/www.juniovitor.com\/index.php?rest_route=\/wp\/v2\/pages"}],"about":[{"href":"https:\/\/www.juniovitor.com\/index.php?rest_route=\/wp\/v2\/types\/page"}],"author":[{"embeddable":true,"href":"https:\/\/www.juniovitor.com\/index.php?rest_route=\/wp\/v2\/users\/1"}],"replies":[{"embeddable":true,"href":"https:\/\/www.juniovitor.com\/index.php?rest_route=%2Fwp%2Fv2%2Fcomments&post=63"}],"version-history":[{"count":45,"href":"https:\/\/www.juniovitor.com\/index.php?rest_route=\/wp\/v2\/pages\/63\/revisions"}],"predecessor-version":[{"id":2267,"href":"https:\/\/www.juniovitor.com\/index.php?rest_route=\/wp\/v2\/pages\/63\/revisions\/2267"}],"wp:attachment":[{"href":"https:\/\/www.juniovitor.com\/index.php?rest_route=%2Fwp%2Fv2%2Fmedia&parent=63"}],"curies":[{"name":"wp","href":"https:\/\/api.w.org\/{rel}","templated":true}]}}